{"id":869,"date":"2020-06-05T06:07:07","date_gmt":"2020-06-05T06:07:07","guid":{"rendered":"http:\/\/digicop.designervily.com\/demo1\/?page_id=12952"},"modified":"2024-10-06T13:10:47","modified_gmt":"2024-10-06T13:10:47","slug":"ultimas-noticias-y-novedades","status":"publish","type":"page","link":"https:\/\/tharsismining.com\/en\/ultimas-noticias-y-novedades\/","title":{"rendered":"News"},"content":{"rendered":"<div style=\"margin-top: 0px; margin-bottom: 0px;\" class=\"sharethis-inline-share-buttons\" ><\/div>\t\t<div data-elementor-type=\"wp-page\" data-elementor-id=\"869\" class=\"elementor elementor-869\">\n\t\t\t\t\t\t<div class=\"elementor-section elementor-top-section elementor-element elementor-element-d937f83 elementor-section-stretched dsvy-col-stretched-none dsvy-bg-color-over-image elementor-section-boxed elementor-section-height-default elementor-section-height-default\" data-id=\"d937f83\" data-element_type=\"section\" data-e-type=\"section\" data-settings=\"{&quot;stretch_section&quot;:&quot;section-stretched&quot;,&quot;background_background&quot;:&quot;classic&quot;}\">\n\t\t\t\t\t\t<div class=\"elementor-container elementor-column-gap-no\">\n\t\t\t\t\t<div class=\"elementor-column elementor-col-100 elementor-top-column elementor-element elementor-element-e7d17d3 dsvy-bg-color-over-image\" data-id=\"e7d17d3\" data-element_type=\"column\" data-e-type=\"column\">\n\t\t\t<div class=\"elementor-widget-wrap elementor-element-populated\">\n\t\t\t\t\t\t<div class=\"elementor-element elementor-element-8921a16 dsvy-align-left elementor-widget elementor-widget-dsvy_blog_element\" data-id=\"8921a16\" data-element_type=\"widget\" data-e-type=\"widget\" data-widget_type=\"dsvy_blog_element.default\">\n\t\t\t\t<div class=\"elementor-widget-container\">\n\t\t\t\t\t\r\n\t\t<div class=\"designervily-element designervily-element-blog dsvy-element-blog-style-2 designervily-element-viewtype-row-column designervily-gap-30px dsvy-infinite-scroll-no dsvy-infinite-scroll-button-no\" data-cpt=\"blog\" data-totalpagination=\"2\" data-style=\"2\" data-show=\"9\" data-columns=\"3\" data-loop=\"false\" data-autoplay=\"false\" data-center=\"false\" data-nav=\"false\" data-dots=\"false\" data-autoplayspeed=\"1000\" data-margin=\"30px\"><div class=\"designervily-element-inner\"><div class=\"dsvy-infinite-scroll-data\">{\"cpt\":\"blog\",\"style\":\"2\",\"columns\":\"3\",\"show\":9,\"order\":\"DESC\",\"orderby\":\"DESC\"}<\/div>\t\t\t\t<div class=\"dsvy-ele-header-area\">\r\n\t\t\t\t\t\t<div class=\"dsvy-heading-subheading left-align\"><\/div>\r\n\t\t\t\t\t\t\t\t\t<\/div>\r\n\r\n\t\t\t<div class=\"dsvy-element-posts-wrapper row multi-columns-row\">\r\n\r\n\t\t\t<article class=\"dsvy-ele dsvy-ele-blog dsvy-blog-style-2 col-md-4 institucional dsvy-term-35 mining dsvy-term-10 dsvy-odd dsvy-col-odd\"><div class=\"post-item\">\r\n\t<div class=\"dsvy-featured-container\">\t\t\r\n\t\t<div class=\"dsvy-featured-wrapper\"><a href=\"https:\/\/tharsismining.com\/en\/reactivacion-sostenible-de-minas-historicas-en-la-faja-piritica-iberica\/\"><img fetchpriority=\"high\" decoding=\"async\" width=\"770\" height=\"430\" src=\"https:\/\/tharsismining.com\/wp-content\/uploads\/2025\/09\/Manuel-de-la-Haza-2-1-e1758616563210-770x430.jpg\" class=\"attachment-dsvy-img-770x430 size-dsvy-img-770x430 wp-post-image\" alt=\"\" \/><\/a><\/div>\t\t\t\r\n\t<\/div>\r\n\t<div class=\"designervily-box-content\">\t\r\n\t\t<div class=\"designervily-box-container\">\r\n\t\t\t<div class=\"dsvy-meta-container\">\r\n\t\t\t\t<div class=\"dsvy-meta-date-wrapper\">\t\t\t\t\t\r\n\t\t\t\t\t<span><i class=\"dsvy-base-icon-calendar-1\"><\/i>September 23 2025<\/span> \r\n\t\t\t\t<\/div>\r\n\t\t\t\t<div class=\"dsvy-meta-cat-wrapper dsvy-meta-line\">\t\t\t\t\t\r\n\t\t\t\t\t<div class=\"dsvy-meta-category\"><i class=\"dsvy-base-icon-folder-open\"><\/i><a href=\"https:\/\/tharsismining.com\/en\/category\/institucional\/\" rel=\"category tag\">Institucional<\/a>, <a href=\"https:\/\/tharsismining.com\/en\/category\/mining\/\" rel=\"category tag\">Mining<\/a><\/div>\t\r\n\t\t\t\t<\/div> \r\n\t\t\t<\/div>\r\n\t\t\t<h3 class=\"dsvy-post-title\"><a href=\"https:\/\/tharsismining.com\/en\/reactivacion-sostenible-de-minas-historicas-en-la-faja-piritica-iberica\/\">Reactivaci\u00f3n sostenible de minas hist\u00f3ricas en la Faja Pir\u00edtica Ib\u00e9rica<\/a><\/h3>\r\n\t\t\t<div class=\"designervily-box-desc\">\r\n\t\t\t\t<div class=\"designervily-box-desc-text\">\r\n\t\t\t\t\tManuel de la Haza Acuaviva Director Tharsis Mining &nbsp; Desde que a finales de 2018 Tharsis Mining adquiri\u00f3 los derechos mineros de los proyectos hist\u00f3ricos de Tharsis, La Zarza y&hellip;\t\t\t\t\t\r\n\t\t\t\t<\/div>\t\t\t\t\r\n\t\t\t<\/div>\r\n\t\t\t<div class=\"dsvy-service-btn\"> \r\n\t\t\t\t<a class=\"btn-arrow\" href=\"https:\/\/tharsismining.com\/en\/reactivacion-sostenible-de-minas-historicas-en-la-faja-piritica-iberica\/\">Read more<\/a>\r\n\t\t\t<\/div>\r\n\t\t<\/div>\r\n\t<\/div>\r\n<\/div><\/article><article class=\"dsvy-ele dsvy-ele-blog dsvy-blog-style-2 col-md-4 institucional dsvy-term-35 dsvy-even dsvy-col-odd\"><div class=\"post-item\">\r\n\t<div class=\"dsvy-featured-container\">\t\t\r\n\t\t<div class=\"dsvy-featured-wrapper\"><a href=\"https:\/\/tharsismining.com\/en\/tharsis-mining-presenta-la-memoria-de-actividades-del-curso-2024\/\"><img decoding=\"async\" width=\"770\" height=\"430\" src=\"https:\/\/tharsismining.com\/wp-content\/uploads\/2025\/07\/Mockup-Tharsis-Mining-770x430.jpg\" class=\"attachment-dsvy-img-770x430 size-dsvy-img-770x430 wp-post-image\" alt=\"\" srcset=\"https:\/\/tharsismining.com\/wp-content\/uploads\/2025\/07\/Mockup-Tharsis-Mining-770x431.jpg 770w, https:\/\/tharsismining.com\/wp-content\/uploads\/2025\/07\/Mockup-Tharsis-Mining-300x168.jpg 300w, https:\/\/tharsismining.com\/wp-content\/uploads\/2025\/07\/Mockup-Tharsis-Mining-1024x573.jpg 1024w, https:\/\/tharsismining.com\/wp-content\/uploads\/2025\/07\/Mockup-Tharsis-Mining-768x430.jpg 768w, https:\/\/tharsismining.com\/wp-content\/uploads\/2025\/07\/Mockup-Tharsis-Mining-1536x859.jpg 1536w, https:\/\/tharsismining.com\/wp-content\/uploads\/2025\/07\/Mockup-Tharsis-Mining-2048x1146.jpg 2048w, https:\/\/tharsismining.com\/wp-content\/uploads\/2025\/07\/Mockup-Tharsis-Mining-18x10.jpg 18w\" sizes=\"(max-width: 770px) 100vw, 770px\" \/><\/a><\/div>\t\t\t\r\n\t<\/div>\r\n\t<div class=\"designervily-box-content\">\t\r\n\t\t<div class=\"designervily-box-container\">\r\n\t\t\t<div class=\"dsvy-meta-container\">\r\n\t\t\t\t<div class=\"dsvy-meta-date-wrapper\">\t\t\t\t\t\r\n\t\t\t\t\t<span><i class=\"dsvy-base-icon-calendar-1\"><\/i>August 18 2025<\/span> \r\n\t\t\t\t<\/div>\r\n\t\t\t\t<div class=\"dsvy-meta-cat-wrapper dsvy-meta-line\">\t\t\t\t\t\r\n\t\t\t\t\t<div class=\"dsvy-meta-category\"><i class=\"dsvy-base-icon-folder-open\"><\/i><a href=\"https:\/\/tharsismining.com\/en\/category\/institucional\/\" rel=\"category tag\">Institucional<\/a><\/div>\t\r\n\t\t\t\t<\/div> \r\n\t\t\t<\/div>\r\n\t\t\t<h3 class=\"dsvy-post-title\"><a href=\"https:\/\/tharsismining.com\/en\/tharsis-mining-presenta-la-memoria-de-actividades-del-curso-2024\/\">Tharsis Mining presenta la Memoria de Actividades del curso 2024<\/a><\/h3>\r\n\t\t\t<div class=\"designervily-box-desc\">\r\n\t\t\t\t<div class=\"designervily-box-desc-text\">\r\n\t\t\t\t\tTharsis Mining refuerza su liderazgo en miner\u00eda sostenible con nuevos avances en 2024 Tharsis Mining ha cerrado 2024 con importantes avances que consolidan su posici\u00f3n como referente en miner\u00eda moderna,&hellip;\t\t\t\t\t\r\n\t\t\t\t<\/div>\t\t\t\t\r\n\t\t\t<\/div>\r\n\t\t\t<div class=\"dsvy-service-btn\"> \r\n\t\t\t\t<a class=\"btn-arrow\" href=\"https:\/\/tharsismining.com\/en\/tharsis-mining-presenta-la-memoria-de-actividades-del-curso-2024\/\">Read more<\/a>\r\n\t\t\t<\/div>\r\n\t\t<\/div>\r\n\t<\/div>\r\n<\/div><\/article><article class=\"dsvy-ele dsvy-ele-blog dsvy-blog-style-2 col-md-4 institucional dsvy-term-35 dsvy-odd dsvy-col-odd\"><div class=\"post-item\">\r\n\t<div class=\"dsvy-featured-container\">\t\t\r\n\t\t<div class=\"dsvy-featured-wrapper\"><a href=\"https:\/\/tharsismining.com\/en\/tharsis-mining-participa-en-la-v-edicion-de-la-feria-de-mining-and-minerals-hall\/\"><img decoding=\"async\" width=\"770\" height=\"430\" src=\"https:\/\/tharsismining.com\/wp-content\/uploads\/2024\/10\/MMH-2024-Tharsis-Mining-770x430.jpeg\" class=\"attachment-dsvy-img-770x430 size-dsvy-img-770x430 wp-post-image\" alt=\"\" \/><\/a><\/div>\t\t\t\r\n\t<\/div>\r\n\t<div class=\"designervily-box-content\">\t\r\n\t\t<div class=\"designervily-box-container\">\r\n\t\t\t<div class=\"dsvy-meta-container\">\r\n\t\t\t\t<div class=\"dsvy-meta-date-wrapper\">\t\t\t\t\t\r\n\t\t\t\t\t<span><i class=\"dsvy-base-icon-calendar-1\"><\/i>October 23 2024<\/span> \r\n\t\t\t\t<\/div>\r\n\t\t\t\t<div class=\"dsvy-meta-cat-wrapper dsvy-meta-line\">\t\t\t\t\t\r\n\t\t\t\t\t<div class=\"dsvy-meta-category\"><i class=\"dsvy-base-icon-folder-open\"><\/i><a href=\"https:\/\/tharsismining.com\/en\/category\/institucional\/\" rel=\"category tag\">Institucional<\/a><\/div>\t\r\n\t\t\t\t<\/div> \r\n\t\t\t<\/div>\r\n\t\t\t<h3 class=\"dsvy-post-title\"><a href=\"https:\/\/tharsismining.com\/en\/tharsis-mining-participa-en-la-v-edicion-de-la-feria-de-mining-and-minerals-hall\/\">Tharsis Mining participa en la V edici\u00f3n de la feria de Mining and Minerals Hall<\/a><\/h3>\r\n\t\t\t<div class=\"designervily-box-desc\">\r\n\t\t\t\t<div class=\"designervily-box-desc-text\">\r\n\t\t\t\t\tTharsis Mining particip\u00f3 en la V edici\u00f3n de Mining and Minerals Hall, organizado por AMINER en el Palacio de Congresos y Exposiciones de Sevilla (FIBES) entre el 15 al 17&hellip;\t\t\t\t\t\r\n\t\t\t\t<\/div>\t\t\t\t\r\n\t\t\t<\/div>\r\n\t\t\t<div class=\"dsvy-service-btn\"> \r\n\t\t\t\t<a class=\"btn-arrow\" href=\"https:\/\/tharsismining.com\/en\/tharsis-mining-participa-en-la-v-edicion-de-la-feria-de-mining-and-minerals-hall\/\">Read more<\/a>\r\n\t\t\t<\/div>\r\n\t\t<\/div>\r\n\t<\/div>\r\n<\/div><\/article><article class=\"dsvy-ele dsvy-ele-blog dsvy-blog-style-2 col-md-4 institucional dsvy-term-35 dsvy-even dsvy-col-even\"><div class=\"post-item\">\r\n\t<div class=\"dsvy-featured-container\">\t\t\r\n\t\t<div class=\"dsvy-featured-wrapper\"><a href=\"https:\/\/tharsismining.com\/en\/tharsis-mining-presenta-la-memoria-anual-de-2023\/\"><img loading=\"lazy\" decoding=\"async\" width=\"770\" height=\"430\" src=\"https:\/\/tharsismining.com\/wp-content\/uploads\/2024\/10\/241030-Mockup-portada-inclinada-2023-770x430.png\" class=\"attachment-dsvy-img-770x430 size-dsvy-img-770x430 wp-post-image\" alt=\"\" \/><\/a><\/div>\t\t\t\r\n\t<\/div>\r\n\t<div class=\"designervily-box-content\">\t\r\n\t\t<div class=\"designervily-box-container\">\r\n\t\t\t<div class=\"dsvy-meta-container\">\r\n\t\t\t\t<div class=\"dsvy-meta-date-wrapper\">\t\t\t\t\t\r\n\t\t\t\t\t<span><i class=\"dsvy-base-icon-calendar-1\"><\/i>September 11 2024<\/span> \r\n\t\t\t\t<\/div>\r\n\t\t\t\t<div class=\"dsvy-meta-cat-wrapper dsvy-meta-line\">\t\t\t\t\t\r\n\t\t\t\t\t<div class=\"dsvy-meta-category\"><i class=\"dsvy-base-icon-folder-open\"><\/i><a href=\"https:\/\/tharsismining.com\/en\/category\/institucional\/\" rel=\"category tag\">Institucional<\/a><\/div>\t\r\n\t\t\t\t<\/div> \r\n\t\t\t<\/div>\r\n\t\t\t<h3 class=\"dsvy-post-title\"><a href=\"https:\/\/tharsismining.com\/en\/tharsis-mining-presenta-la-memoria-anual-de-2023\/\">Tharsis Mining presenta la memoria anual de 2023<\/a><\/h3>\r\n\t\t\t<div class=\"designervily-box-desc\">\r\n\t\t\t\t<div class=\"designervily-box-desc-text\">\r\n\t\t\t\t\tTharsis Mining ha publicado su memoria anual de actividad del a\u00f1o 2023. La entidad, ha recogido en un informe de veinte p\u00e1ginas toda su actividad laboral perteneciente al ejercicio del&hellip;\t\t\t\t\t\r\n\t\t\t\t<\/div>\t\t\t\t\r\n\t\t\t<\/div>\r\n\t\t\t<div class=\"dsvy-service-btn\"> \r\n\t\t\t\t<a class=\"btn-arrow\" href=\"https:\/\/tharsismining.com\/en\/tharsis-mining-presenta-la-memoria-anual-de-2023\/\">Read more<\/a>\r\n\t\t\t<\/div>\r\n\t\t<\/div>\r\n\t<\/div>\r\n<\/div><\/article><article class=\"dsvy-ele dsvy-ele-blog dsvy-blog-style-2 col-md-4 energias-renovables dsvy-term-29 dsvy-odd dsvy-col-even\"><div class=\"post-item\">\r\n\t<div class=\"dsvy-featured-container\">\t\t\r\n\t\t<div class=\"dsvy-featured-wrapper\"><a href=\"https:\/\/tharsismining.com\/en\/proyecto-resilex\/\"><img loading=\"lazy\" decoding=\"async\" width=\"770\" height=\"430\" src=\"https:\/\/tharsismining.com\/wp-content\/uploads\/2023\/01\/a-blog-01.jpg-770x430.jpg\" class=\"attachment-dsvy-img-770x430 size-dsvy-img-770x430 wp-post-image\" alt=\"\" \/><\/a><\/div>\t\t\t\r\n\t<\/div>\r\n\t<div class=\"designervily-box-content\">\t\r\n\t\t<div class=\"designervily-box-container\">\r\n\t\t\t<div class=\"dsvy-meta-container\">\r\n\t\t\t\t<div class=\"dsvy-meta-date-wrapper\">\t\t\t\t\t\r\n\t\t\t\t\t<span><i class=\"dsvy-base-icon-calendar-1\"><\/i>January 12 2023<\/span> \r\n\t\t\t\t<\/div>\r\n\t\t\t\t<div class=\"dsvy-meta-cat-wrapper dsvy-meta-line\">\t\t\t\t\t\r\n\t\t\t\t\t<div class=\"dsvy-meta-category\"><i class=\"dsvy-base-icon-folder-open\"><\/i><a href=\"https:\/\/tharsismining.com\/en\/category\/energias-renovables\/\" rel=\"category tag\">Renovable energies<\/a><\/div>\t\r\n\t\t\t\t<\/div> \r\n\t\t\t<\/div>\r\n\t\t\t<h3 class=\"dsvy-post-title\"><a href=\"https:\/\/tharsismining.com\/en\/proyecto-resilex\/\">RESILEX Project<\/a><\/h3>\r\n\t\t\t<div class=\"designervily-box-desc\">\r\n\t\t\t\t<div class=\"designervily-box-desc-text\">\r\n\t\t\t\t\tThe European Union is currently highly dependent on the import of Critical Raw Materials (CRM), especially in strategic sectors such as...\t\t\t\t\t\r\n\t\t\t\t<\/div>\t\t\t\t\r\n\t\t\t<\/div>\r\n\t\t\t<div class=\"dsvy-service-btn\"> \r\n\t\t\t\t<a class=\"btn-arrow\" href=\"https:\/\/tharsismining.com\/en\/proyecto-resilex\/\">Read more<\/a>\r\n\t\t\t<\/div>\r\n\t\t<\/div>\r\n\t<\/div>\r\n<\/div><\/article><article class=\"dsvy-ele dsvy-ele-blog dsvy-blog-style-2 col-md-4 institucional dsvy-term-35 dsvy-even dsvy-col-even\"><div class=\"post-item\">\r\n\t<div class=\"dsvy-featured-container\">\t\t\r\n\t\t<div class=\"dsvy-featured-wrapper\"><a href=\"https:\/\/tharsismining.com\/en\/tharsis-mining-presenta-la-memoria-anual-de-2022\/\"><img loading=\"lazy\" decoding=\"async\" width=\"770\" height=\"430\" src=\"https:\/\/tharsismining.com\/wp-content\/uploads\/2024\/10\/241030-Mockup-portada-inclinada-2022-770x430.png\" class=\"attachment-dsvy-img-770x430 size-dsvy-img-770x430 wp-post-image\" alt=\"\" \/><\/a><\/div>\t\t\t\r\n\t<\/div>\r\n\t<div class=\"designervily-box-content\">\t\r\n\t\t<div class=\"designervily-box-container\">\r\n\t\t\t<div class=\"dsvy-meta-container\">\r\n\t\t\t\t<div class=\"dsvy-meta-date-wrapper\">\t\t\t\t\t\r\n\t\t\t\t\t<span><i class=\"dsvy-base-icon-calendar-1\"><\/i>January 11 2023<\/span> \r\n\t\t\t\t<\/div>\r\n\t\t\t\t<div class=\"dsvy-meta-cat-wrapper dsvy-meta-line\">\t\t\t\t\t\r\n\t\t\t\t\t<div class=\"dsvy-meta-category\"><i class=\"dsvy-base-icon-folder-open\"><\/i><a href=\"https:\/\/tharsismining.com\/en\/category\/institucional\/\" rel=\"category tag\">Institucional<\/a><\/div>\t\r\n\t\t\t\t<\/div> \r\n\t\t\t<\/div>\r\n\t\t\t<h3 class=\"dsvy-post-title\"><a href=\"https:\/\/tharsismining.com\/en\/tharsis-mining-presenta-la-memoria-anual-de-2022\/\">Tharsis Mining presenta la memoria anual de 2022<\/a><\/h3>\r\n\t\t\t<div class=\"designervily-box-desc\">\r\n\t\t\t\t<div class=\"designervily-box-desc-text\">\r\n\t\t\t\t\tTharsis Mining ha publicado su memoria anual de actividad del a\u00f1o 2022. La entidad, ha recogido en un informe de veintid\u00f3s p\u00e1ginas toda su actividad laboral perteneciente al ejercicio de&hellip;\t\t\t\t\t\r\n\t\t\t\t<\/div>\t\t\t\t\r\n\t\t\t<\/div>\r\n\t\t\t<div class=\"dsvy-service-btn\"> \r\n\t\t\t\t<a class=\"btn-arrow\" href=\"https:\/\/tharsismining.com\/en\/tharsis-mining-presenta-la-memoria-anual-de-2022\/\">Read more<\/a>\r\n\t\t\t<\/div>\r\n\t\t<\/div>\r\n\t<\/div>\r\n<\/div><\/article><article class=\"dsvy-ele dsvy-ele-blog dsvy-blog-style-2 col-md-4 uncategorized dsvy-term-1 dsvy-odd dsvy-col-odd\"><div class=\"post-item\">\r\n\t<div class=\"dsvy-featured-container\">\t\t\r\n\t\t<div class=\"dsvy-featured-wrapper\"><a href=\"https:\/\/tharsismining.com\/en\/programa-ticcamaras\/\"><img loading=\"lazy\" decoding=\"async\" width=\"671\" height=\"430\" src=\"https:\/\/tharsismining.com\/wp-content\/uploads\/2024\/09\/cartel-A3-FEDER-TICCamaras-671x430.jpg\" class=\"attachment-dsvy-img-770x430 size-dsvy-img-770x430 wp-post-image\" alt=\"\" \/><\/a><\/div>\t\t\t\r\n\t<\/div>\r\n\t<div class=\"designervily-box-content\">\t\r\n\t\t<div class=\"designervily-box-container\">\r\n\t\t\t<div class=\"dsvy-meta-container\">\r\n\t\t\t\t<div class=\"dsvy-meta-date-wrapper\">\t\t\t\t\t\r\n\t\t\t\t\t<span><i class=\"dsvy-base-icon-calendar-1\"><\/i>December 14 2022<\/span> \r\n\t\t\t\t<\/div>\r\n\t\t\t\t<div class=\"dsvy-meta-cat-wrapper dsvy-meta-line\">\t\t\t\t\t\r\n\t\t\t\t\t<div class=\"dsvy-meta-category\"><i class=\"dsvy-base-icon-folder-open\"><\/i><a href=\"https:\/\/tharsismining.com\/en\/category\/uncategorized\/\" rel=\"category tag\">Uncategorized<\/a><\/div>\t\r\n\t\t\t\t<\/div> \r\n\t\t\t<\/div>\r\n\t\t\t<h3 class=\"dsvy-post-title\"><a href=\"https:\/\/tharsismining.com\/en\/programa-ticcamaras\/\">TICC\u00e1maras Program<\/a><\/h3>\r\n\t\t\t<div class=\"designervily-box-desc\">\r\n\t\t\t\t<div class=\"designervily-box-desc-text\">\r\n\t\t\t\t\tTharsis mining SL has been a beneficiary of the European Regional Development Fund whose objective is to ensure a better use of information and communication technologies and the...\t\t\t\t\t\r\n\t\t\t\t<\/div>\t\t\t\t\r\n\t\t\t<\/div>\r\n\t\t\t<div class=\"dsvy-service-btn\"> \r\n\t\t\t\t<a class=\"btn-arrow\" href=\"https:\/\/tharsismining.com\/en\/programa-ticcamaras\/\">Read more<\/a>\r\n\t\t\t<\/div>\r\n\t\t<\/div>\r\n\t<\/div>\r\n<\/div><\/article><article class=\"dsvy-ele dsvy-ele-blog dsvy-blog-style-2 col-md-4 ingenieria dsvy-term-30 dsvy-even dsvy-col-odd\"><div class=\"post-item\">\r\n\t<div class=\"dsvy-featured-container\">\t\t\r\n\t\t<div class=\"dsvy-featured-wrapper\"><a href=\"https:\/\/tharsismining.com\/en\/4a-edicion-del-mining-and-minerals-hall\/\"><img loading=\"lazy\" decoding=\"async\" width=\"491\" height=\"430\" src=\"https:\/\/tharsismining.com\/wp-content\/uploads\/2024\/09\/portada_mining_minerals-491x430.png\" class=\"attachment-dsvy-img-770x430 size-dsvy-img-770x430 wp-post-image\" alt=\"\" \/><\/a><\/div>\t\t\t\r\n\t<\/div>\r\n\t<div class=\"designervily-box-content\">\t\r\n\t\t<div class=\"designervily-box-container\">\r\n\t\t\t<div class=\"dsvy-meta-container\">\r\n\t\t\t\t<div class=\"dsvy-meta-date-wrapper\">\t\t\t\t\t\r\n\t\t\t\t\t<span><i class=\"dsvy-base-icon-calendar-1\"><\/i>October 13 2022<\/span> \r\n\t\t\t\t<\/div>\r\n\t\t\t\t<div class=\"dsvy-meta-cat-wrapper dsvy-meta-line\">\t\t\t\t\t\r\n\t\t\t\t\t<div class=\"dsvy-meta-category\"><i class=\"dsvy-base-icon-folder-open\"><\/i><a href=\"https:\/\/tharsismining.com\/en\/category\/ingenieria\/\" rel=\"category tag\">Engineering<\/a><\/div>\t\r\n\t\t\t\t<\/div> \r\n\t\t\t<\/div>\r\n\t\t\t<h3 class=\"dsvy-post-title\"><a href=\"https:\/\/tharsismining.com\/en\/4a-edicion-del-mining-and-minerals-hall\/\">4th Edition of Mining and Minerals Hall<\/a><\/h3>\r\n\t\t\t<div class=\"designervily-box-desc\">\r\n\t\t\t\t<div class=\"designervily-box-desc-text\">\r\n\t\t\t\t\tTharsis Mining sponsors and participates in the fourth edition of the Mining and Minerals Hall (MMH). The most important event of its kind in Europe, which brings together the mining sector at...\t\t\t\t\t\r\n\t\t\t\t<\/div>\t\t\t\t\r\n\t\t\t<\/div>\r\n\t\t\t<div class=\"dsvy-service-btn\"> \r\n\t\t\t\t<a class=\"btn-arrow\" href=\"https:\/\/tharsismining.com\/en\/4a-edicion-del-mining-and-minerals-hall\/\">Read more<\/a>\r\n\t\t\t<\/div>\r\n\t\t<\/div>\r\n\t<\/div>\r\n<\/div><\/article><article class=\"dsvy-ele dsvy-ele-blog dsvy-blog-style-2 col-md-4 ingenieria dsvy-term-30 dsvy-odd dsvy-col-odd\"><div class=\"post-item\">\r\n\t<div class=\"dsvy-featured-container\">\t\t\r\n\t\t<div class=\"dsvy-featured-wrapper\"><a href=\"https:\/\/tharsismining.com\/en\/memoria-anual-2021\/\"><img loading=\"lazy\" decoding=\"async\" width=\"561\" height=\"430\" src=\"https:\/\/tharsismining.com\/wp-content\/uploads\/2024\/09\/portada-memoria-anual-2021-561x430.png\" class=\"attachment-dsvy-img-770x430 size-dsvy-img-770x430 wp-post-image\" alt=\"\" \/><\/a><\/div>\t\t\t\r\n\t<\/div>\r\n\t<div class=\"designervily-box-content\">\t\r\n\t\t<div class=\"designervily-box-container\">\r\n\t\t\t<div class=\"dsvy-meta-container\">\r\n\t\t\t\t<div class=\"dsvy-meta-date-wrapper\">\t\t\t\t\t\r\n\t\t\t\t\t<span><i class=\"dsvy-base-icon-calendar-1\"><\/i>July 21 2022<\/span> \r\n\t\t\t\t<\/div>\r\n\t\t\t\t<div class=\"dsvy-meta-cat-wrapper dsvy-meta-line\">\t\t\t\t\t\r\n\t\t\t\t\t<div class=\"dsvy-meta-category\"><i class=\"dsvy-base-icon-folder-open\"><\/i><a href=\"https:\/\/tharsismining.com\/en\/category\/ingenieria\/\" rel=\"category tag\">Engineering<\/a><\/div>\t\r\n\t\t\t\t<\/div> \r\n\t\t\t<\/div>\r\n\t\t\t<h3 class=\"dsvy-post-title\"><a href=\"https:\/\/tharsismining.com\/en\/memoria-anual-2021\/\">Anual memory 2021<\/a><\/h3>\r\n\t\t\t<div class=\"designervily-box-desc\">\r\n\t\t\t\t<div class=\"designervily-box-desc-text\">\r\n\t\t\t\t\tDownload: Anual memory Tharsis 2021_Digital\t\t\t\t\t\r\n\t\t\t\t<\/div>\t\t\t\t\r\n\t\t\t<\/div>\r\n\t\t\t<div class=\"dsvy-service-btn\"> \r\n\t\t\t\t<a class=\"btn-arrow\" href=\"https:\/\/tharsismining.com\/en\/memoria-anual-2021\/\">Read more<\/a>\r\n\t\t\t<\/div>\r\n\t\t<\/div>\r\n\t<\/div>\r\n<\/div><\/article>\r\n\t\t\t<\/div> <!-- .dsvy-element-posts-wrapper -->\r\n\r\n\t\t\t\r\n\t\t\r\n\t\t\r\n\t\t<\/div><!-- .designervily-element-inner -->   <\/div><!-- .designervily-element -->  \r\n\t    \t\t\t\t<\/div>\n\t\t\t\t<\/div>\n\t\t\t\t\t<\/div>\n\t\t<\/div>\n\t\t\t\t\t<\/div>\n\t\t<\/div>\n\t\t\t\t<\/div>","protected":false},"excerpt":{"rendered":"<p>{\u00abcpt\u00bb:\u00bbblog\u00bb,\u00bbstyle\u00bb:\u00bb2&#8243;,\u00bbcolumns\u00bb:\u00bb3&#8243;,\u00bbshow\u00bb:9,\u00bborder\u00bb:\u00bbDESC\u00bb,\u00bborderby\u00bb:\u00bbDESC\u00bb} enero 12 2023 Energias renovables Proyecto RESILEX La Uni\u00f3n Europea se encuentra actualmente en un alto nivel de dependencia de la importaci\u00f3n de Materias Primas Cr\u00edticas (CRM, Critical Raw Materials), especialmente en sectores estrat\u00e9gicos como el de\u2026 Read more diciembre 14 2022 Uncategorized Programa TICC\u00e1maras Tharsis mining SL ha sido beneficiaria del Fondo Europeo de Desarrollo Regional cuyo objetivo es garantizar un mejor uso de las tecnolog\u00edas de la[&hellip;]<\/p>","protected":false},"author":1,"featured_media":0,"parent":0,"menu_order":15,"comment_status":"closed","ping_status":"closed","template":"","meta":{"_acf_changed":false,"_uag_custom_page_level_css":"","footnotes":""},"class_list":["post-869","page","type-page","status-publish","hentry"],"acf":[],"uagb_featured_image_src":{"full":false,"thumbnail":false,"medium":false,"medium_large":false,"large":false,"1536x1536":false,"2048x2048":false,"trp-custom-language-flag":false,"dsvy-img-770x480":false,"dsvy-img-600x780":false,"dsvy-img-770x430":false,"dsvy-img-600x770":false,"dsvy-img-770x650":false,"dsvy-img-770x520":false,"dsvy-img-770x550":false,"dsvy-img-620x770":false,"dsvy-img-800x770":false,"dsvy-img-500x700":false,"dsvy-img-600x800":false,"dsvy-img-1030x570":false,"dsvy-img-600x700":false,"dsvy-img-770x635":false,"dsvy-img-770x500":false,"dsvy-img-770x9999":false,"dsvy-img-770x770":false,"dsvy-img-300x300":false,"dsvy-img-500x560":false,"dsvy-img-800x256":false},"uagb_author_info":{"display_name":"admin@sebcreativos.es","author_link":"https:\/\/tharsismining.com\/en\/author\/adminsebcreativos-es\/"},"uagb_comment_info":0,"uagb_excerpt":"{\u00abcpt\u00bb:\u00bbblog\u00bb,\u00bbstyle\u00bb:\u00bb2&#8243;,\u00bbcolumns\u00bb:\u00bb3&#8243;,\u00bbshow\u00bb:9,\u00bborder\u00bb:\u00bbDESC\u00bb,\u00bborderby\u00bb:\u00bbDESC\u00bb} enero 12 2023 Energias renovables Proyecto RESILEX La Uni\u00f3n Europea se encuentra actualmente en un alto nivel de dependencia de la importaci\u00f3n de Materias Primas Cr\u00edticas (CRM, Critical Raw Materials), especialmente en sectores estrat\u00e9gicos como el de\u2026 Read more diciembre 14 2022 Uncategorized Programa TICC\u00e1maras Tharsis mining SL ha sido beneficiaria del Fondo Europeo&hellip;","_links":{"self":[{"href":"https:\/\/tharsismining.com\/en\/wp-json\/wp\/v2\/pages\/869","targetHints":{"allow":["GET"]}}],"collection":[{"href":"https:\/\/tharsismining.com\/en\/wp-json\/wp\/v2\/pages"}],"about":[{"href":"https:\/\/tharsismining.com\/en\/wp-json\/wp\/v2\/types\/page"}],"author":[{"embeddable":true,"href":"https:\/\/tharsismining.com\/en\/wp-json\/wp\/v2\/users\/1"}],"replies":[{"embeddable":true,"href":"https:\/\/tharsismining.com\/en\/wp-json\/wp\/v2\/comments?post=869"}],"version-history":[{"count":5,"href":"https:\/\/tharsismining.com\/en\/wp-json\/wp\/v2\/pages\/869\/revisions"}],"predecessor-version":[{"id":2216,"href":"https:\/\/tharsismining.com\/en\/wp-json\/wp\/v2\/pages\/869\/revisions\/2216"}],"wp:attachment":[{"href":"https:\/\/tharsismining.com\/en\/wp-json\/wp\/v2\/media?parent=869"}],"curies":[{"name":"wp","href":"https:\/\/api.w.org\/{rel}","templated":true}]}}