{"id":1935,"date":"2024-09-29T19:35:52","date_gmt":"2024-09-29T19:35:52","guid":{"rendered":"https:\/\/tharsismining.com\/?page_id=1935"},"modified":"2024-10-09T06:48:53","modified_gmt":"2024-10-09T06:48:53","slug":"politica-de-cookies","status":"publish","type":"page","link":"https:\/\/tharsismining.com\/en\/politica-de-cookies\/","title":{"rendered":"Cookie policy"},"content":{"rendered":"<p>&nbsp;<\/p>\n<p>&nbsp;<\/p>\n<ol>\n<li>POL\u00cdTICA EXTENSA<\/li>\n<\/ol>\n<p>El objetivo de esta pol\u00edtica es informar a los interesados acerca de las cookies que emplea esta p\u00e1gina web, de conformidad con lo establecido en la Ley 34\/2002, de 11 de julio, de Servicios de la Sociedad de la Informaci\u00f3n y de Comercio Electr\u00f3nico,\u00a0 y el Reglamento (UE) 2016\/679 del Parlamento Europeo y del Consejo de 27 de abril de 2016.<\/p>\n<ul>\n<li>USO DE COOKIES. \u00bfQU\u00c9 SON LAS COOKIES?<\/li>\n<\/ul>\n<p>Las cookies son ficheros que se descargan en su Ordenador, Smartphone o Tablet al acceder a determinadas p\u00e1ginas web. La utilizaci\u00f3n de cookies ofrece numerosas ventajas en la prestaci\u00f3n de servicios de la Sociedad de la Informaci\u00f3n, puesto que, entre otras:<\/p>\n<p>(a) facilita la navegaci\u00f3n del usuario en el Sitio Web;<\/p>\n<p>(b) facilita al usuario el acceso a los diferentes servicios que ofrece el Sitio Web;<\/p>\n<p>(c) evita al usuario volver a configurar las caracter\u00edsticas generales predefinidas cada vez que accede al Sitio Web;<\/p>\n<p>(d) favorece la mejora del funcionamiento y de los servicios prestados a trav\u00e9s del Sitio Web, tras el correspondiente an\u00e1lisis de la informaci\u00f3n obtenida a trav\u00e9s de las cookies instaladas;<\/p>\n<p>(e) permiten a un Sitio Web, entre otras cosas, almacenar y recuperar informaci\u00f3n sobre los h\u00e1bitos de navegaci\u00f3n de un usuario o de su equipo y, dependiendo de la informaci\u00f3n que contengan y de la forma en que utilice su equipo, pueden utilizarse para reconocer al usuario.<\/p>\n<p>La mayor\u00eda de los navegadores aceptan como est\u00e1ndar las cookies y, con independencia de las mismas, permiten o impiden en los ajustes de seguridad las cookies temporales o memorizadas.<\/p>\n<p>Tenga en cuenta que, para poder utilizar y contar con una mejor experiencia de navegaci\u00f3n, es necesario que tenga habilitadas las cookies, especialmente aquellas de car\u00e1cter t\u00e9cnico que resultan necesarias para que puedan identificarle como usuario registrado cada vez que acceda a la presente web.<\/p>\n<p>En caso de no querer recibir cookies, por favor, configure su navegador de internet, para que las borre del disco duro de su ordenador, las bloquee o le avise en su caso de instalaci\u00f3n de las mismas.<\/p>\n<ul>\n<li>\u00bfQU\u00c9 TIPOS DE COOKIES UTILIZA ESTA P\u00c1GINA WEB?<\/li>\n<\/ul>\n<p>Cookies utilizadas en este sitio web<\/p>\n<p>Siguiendo las directrices de la Agencia Espa\u00f1ola de Protecci\u00f3n de Datos, procedemos a detallar el uso de las cookies que esta p\u00e1gina web emplea, con el fin de proporcionarle la m\u00e1xima informaci\u00f3n posible.<\/p>\n<p>Cookies Propias<\/p>\n<p>Son aquellas que se env\u00edan al equipo terminal del usuario desde un equipo o dominio gestionado por el propio editor y desde el que se presta el servicio solicitado por el usuario.<\/p>\n<p>A continuaci\u00f3n, detallamos la lista de las cookies que utilizamos:<\/p>\n<table width=\"602\">\n<tbody>\n<tr>\n<td width=\"148\">Nombre<\/td>\n<td width=\"116\">Tipo<\/td>\n<td width=\"112\">Proveedor<\/td>\n<td width=\"112\">Finalidad<\/td>\n<td width=\"112\">Duraci\u00f3n<\/td>\n<\/tr>\n<tr>\n<td width=\"148\">e_globals<\/td>\n<td width=\"116\">Funcional<\/td>\n<td width=\"112\">Elementor<\/td>\n<td width=\"112\">Proporcionar funcionalidad entre p\u00e1ginas<\/td>\n<td width=\"112\">Hasta finalizar sesi\u00f3n<\/td>\n<\/tr>\n<tr>\n<td width=\"148\">elementor<\/td>\n<td width=\"116\">Estad\u00edsticas<\/td>\n<td width=\"112\">elementor<\/td>\n<td width=\"112\">guardar acciones hechas por usuarios en el sitio web<\/td>\n<td width=\"112\">persistente<\/td>\n<\/tr>\n<tr>\n<td width=\"148\">e_site-editor<\/td>\n<td width=\"116\">Funcional<\/td>\n<td width=\"112\">Elementor<\/td>\n<td width=\"112\">Proporcionar funciones administrativas<\/td>\n<td width=\"112\">Hasta finalizar sesi\u00f3n<\/td>\n<\/tr>\n<tr>\n<td width=\"148\">cmplz_toggle_data_id_*<\/td>\n<td width=\"116\">Funcional<\/td>\n<td width=\"112\">Complianz<\/td>\n<td width=\"112\">proporcionar funcionalidad entre p\u00e1ginas<\/td>\n<td width=\"112\">365 d\u00edas<\/td>\n<\/tr>\n<tr>\n<td width=\"148\">cmplz_functional<\/td>\n<td width=\"116\">Funcional<\/td>\n<td width=\"112\">Complianz<\/td>\n<td width=\"112\">guardar preferencias de consentimiento de cookies<\/td>\n<td width=\"112\">365 d\u00edas<\/td>\n<\/tr>\n<tr>\n<td width=\"148\">WP_DATA_USER_*<\/td>\n<td width=\"116\">Funcional<\/td>\n<td width=\"112\">WordPress<\/td>\n<td width=\"112\">guardar las preferencias de los usuarios<\/td>\n<td width=\"112\">Hasta finalizar sesi\u00f3n<\/td>\n<\/tr>\n<tr>\n<td width=\"148\">wordpress_logged_in_*<\/td>\n<td width=\"116\">Funcional<\/td>\n<td width=\"112\">WordPress<\/td>\n<td width=\"112\">mantener los usuarios logeados<\/td>\n<td width=\"112\">persistente<\/td>\n<\/tr>\n<\/tbody>\n<\/table>\n<p>&nbsp;<\/p>\n<h3>Cookies de terceros<\/h3>\n<p>Son aquellas que se env\u00edan al equipo terminal del usuario desde un equipo o dominio que no es gestionado por el editor, sino por otra entidad que trata los datos obtenidos a trav\u00e9s de las cookies.<\/p>\n<p>A continuaci\u00f3n, detallamos la lista de las cookies que utilizamos:<\/p>\n<table width=\"602\">\n<tbody>\n<tr>\n<td width=\"108\">Nombre<\/td>\n<td width=\"98\">Tipo<\/td>\n<td width=\"96\">Proveedor<\/td>\n<td width=\"96\">Finalidad<\/td>\n<td width=\"96\">Duraci\u00f3n<\/td>\n<td width=\"108\">M\u00e1s info.<\/td>\n<\/tr>\n<tr>\n<td width=\"108\">_gat_gtag_UA_*<\/td>\n<td width=\"98\">Estad\u00edsticas<\/td>\n<td width=\"96\">Google Analytics<\/td>\n<td width=\"96\">almacenar un ID de usuario \u00fanico<\/td>\n<td width=\"96\">1 minuto<\/td>\n<td width=\"108\">_gat_gtag_UA_*<\/td>\n<\/tr>\n<tr>\n<td width=\"108\">_ga<\/td>\n<td width=\"98\">Estad\u00edsticas<\/td>\n<td width=\"96\">Google Analytics<\/td>\n<td width=\"96\">contar y rastrear p\u00e1ginas vistas<\/td>\n<td width=\"96\">2 a\u00f1os<\/td>\n<td width=\"108\">_ga<\/td>\n<\/tr>\n<tr>\n<td width=\"108\">_gid<\/td>\n<td width=\"98\">Estad\u00edsticas<\/td>\n<td width=\"96\">Google Analytics<\/td>\n<td width=\"96\">contar y rastrear p\u00e1ginas vistas<\/td>\n<td width=\"96\">1 d\u00eda<\/td>\n<td width=\"108\">_gid<\/td>\n<\/tr>\n<tr>\n<td width=\"108\">_ga_*<\/td>\n<td width=\"98\">Estad\u00edsticas<\/td>\n<td width=\"96\">Google Analytics<\/td>\n<td width=\"96\">contar y rastrear p\u00e1ginas vistas<\/td>\n<td width=\"96\">1 a\u00f1o<\/td>\n<td width=\"108\">_ga_*<\/td>\n<\/tr>\n<\/tbody>\n<\/table>\n<p>&nbsp;<\/p>\n<p>MAGTEL OPERACIONES S.L.U no se hace responsable, en ning\u00fan caso, ni del contenido ni de la veracidad de las pol\u00edticas y\/o condiciones de uso y privacidad de los terceros incluidos a trav\u00e9s de los enlaces en esta pol\u00edtica.<\/p>\n<ul>\n<li>CONSENTIMIENTO<\/li>\n<\/ul>\n<p>En relaci\u00f3n con la utilizaci\u00f3n de cookies de este sitio web, el usuario autoriza y consiente su uso de la siguiente forma:<\/p>\n<p>Cuando el usuario accede a cualquier p\u00e1gina de la web, ver\u00e1 un aviso donde se indica que la p\u00e1gina web de MAGTEL OPERACIONES S.L.U utiliza cookies, pudiendo el usuario aceptar o rechazar el uso de las mismas a trav\u00e9s del panel de configuraci\u00f3n. Al hacer clic en aceptar, usted acepta el uso de nuestras cookies y, en su caso, las de los terceros. A estos efectos, le indicamos que el panel de configuraci\u00f3n\/privacidad permite la posibilidad de aceptarlas o rechazarlas por tipolog\u00eda.<\/p>\n<ul>\n<li>PLAZOS O CRITERIOS DE CONSERVACI\u00d3N DE LOS DATOS<\/li>\n<\/ul>\n<p>Los datos obtenidos a trav\u00e9s del uso de las cookies por usted seleccionadas, ser\u00e1n conservados durante el tiempo necesario para cumplir con las finalidades para los que fueron recopilados y durante el periodo de tiempo establecido en el apartado \u00ab<em>QU\u00c9 TIPOS DE COOKIES UTILIZA ESTA P\u00c1GINA WEB<\/em>\u00bb de la presente pol\u00edtica, para cada una de las cookies instaladas en el dispositivo.<\/p>\n<ul>\n<li>C\u00d3MO BLOQUEAR REVOCAR O ELIMINAR LAS COOKIES INSTALADAS<\/li>\n<\/ul>\n<p>Puede usted permitir, bloquear, revocar o eliminar las cookies instaladas en su equipo mediante la configuraci\u00f3n de las opciones de su navegador. Puede encontrar informaci\u00f3n sobre c\u00f3mo hacerlo, en relaci\u00f3n con los navegadores m\u00e1s comunes, en los links que se incluyen a continuaci\u00f3n:<\/p>\n<ul>\n<li>Explorer: <a href=\"https:\/\/support.microsoft.com\/es-es\/kb\/278835\">https:\/\/support.microsoft.com\/es-es\/kb\/278835<\/a><\/li>\n<li>Microsoft Edge: <a href=\"https:\/\/privacy.microsoft.com\/es-es\/windows-10-microsoft-edge-and-privacy\">https:\/\/privacy.microsoft.com\/es-es\/windows-10-microsoft-edge-and-privacy<\/a><\/li>\n<li>Chrome:<a href=\"http:\/\/support.google.com\/chrome\/bin\/answer.py?hl=es&amp;answer=95647\">https:\/\/support.google.com\/chrome\/answer\/95647?co=GENIE.Platform%3DDesktop&amp;hl=esttp:\/\/support.google.com\/chrome\/bin\/answer.py?hl=es&amp;answer=95647<\/a><\/li>\n<li>Firefox: <a href=\"http:\/\/support.mozilla.org\/es\/kb\/Borrar%20cookies\">http:\/\/support.mozilla.org\/es\/kb\/Borrar%20cookies<\/a><\/li>\n<li>Safari: <a href=\"http:\/\/support.apple.com\/kb\/ph5042\">http:\/\/support.apple.com\/kb\/ph5042<\/a>.<\/li>\n<li>Opera: <a href=\"https:\/\/help.opera.com\/en\/latest\/web-preferences\/#cookies\">https:\/\/help.opera.com\/en\/latest\/web-preferences\/#cookies<\/a><\/li>\n<li>DESTINATARIOS DE LA INFORMACI\u00d3N<\/li>\n<\/ul>\n<p>&nbsp;<\/p>\n<p>Le informamos de que las empresas colaboradoras detalladas en el Panel de Configuraci\u00f3n tienen acceso a la informaci\u00f3n obtenida a trav\u00e9s de las cookies del sitio web. Asimismo, le informamos de que algunos de nuestros proveedores as\u00ed como empresas colaboradoras pueden realizar transferencias a terceros pa\u00edses. A estos efectos, le recomendamos que visite sus respectivas pol\u00edticas de privacidad, las cuales se encuentran accesibles a trav\u00e9s de los enlaces facilitados en el Panel de Configuraci\u00f3n.<\/p>\n<ul>\n<li>ACTUALIZACI\u00d3N<\/li>\n<\/ul>\n<p>La presente pol\u00edtica de cookies puede verse modificada\/actualizada en funci\u00f3n de las exigencias legales establecidas o con la finalidad de adaptar dicha pol\u00edtica a las instrucciones dictadas por la Agencia Espa\u00f1ola de Protecci\u00f3n de Datos o por actualizaci\u00f3n de nuestro sitio web. Por esta raz\u00f3n, aconsejamos a los usuarios que visiten peri\u00f3dicamente nuestra pol\u00edtica de cookies.<\/p>\n<p>Si tiene dudas acerca de esta pol\u00edtica de cookies, puede contactar con MAGTEL OPERACIONES S.L.U a trav\u00e9s del siguiente correo electr\u00f3nico<\/p>\n<p>Para obtener informaci\u00f3n adicional sobre el tratamiento de sus datos personales acuda a nuestra <u>Pol\u00edtica de Privacidad<\/u><\/p>","protected":false},"excerpt":{"rendered":"<p>&nbsp; &nbsp; POL\u00cdTICA EXTENSA El objetivo de esta pol\u00edtica es informar a los interesados acerca de las cookies que emplea esta p\u00e1gina web, de conformidad con lo establecido en la Ley 34\/2002, de 11 de julio, de Servicios de la Sociedad de la Informaci\u00f3n y de Comercio Electr\u00f3nico,\u00a0 y el Reglamento (UE) 2016\/679 del Parlamento Europeo y del Consejo de 27 de abril de 2016. USO DE COOKIES. \u00bfQU\u00c9 SON[&hellip;]<\/p>","protected":false},"author":1,"featured_media":0,"parent":0,"menu_order":0,"comment_status":"closed","ping_status":"closed","template":"","meta":{"_acf_changed":false,"_uag_custom_page_level_css":"","footnotes":""},"class_list":["post-1935","page","type-page","status-publish","hentry"],"acf":[],"uagb_featured_image_src":{"full":false,"thumbnail":false,"medium":false,"medium_large":false,"large":false,"1536x1536":false,"2048x2048":false,"trp-custom-language-flag":false,"dsvy-img-770x480":false,"dsvy-img-600x780":false,"dsvy-img-770x430":false,"dsvy-img-600x770":false,"dsvy-img-770x650":false,"dsvy-img-770x520":false,"dsvy-img-770x550":false,"dsvy-img-620x770":false,"dsvy-img-800x770":false,"dsvy-img-500x700":false,"dsvy-img-600x800":false,"dsvy-img-1030x570":false,"dsvy-img-600x700":false,"dsvy-img-770x635":false,"dsvy-img-770x500":false,"dsvy-img-770x9999":false,"dsvy-img-770x770":false,"dsvy-img-300x300":false,"dsvy-img-500x560":false,"dsvy-img-800x256":false},"uagb_author_info":{"display_name":"admin@sebcreativos.es","author_link":"https:\/\/tharsismining.com\/en\/author\/adminsebcreativos-es\/"},"uagb_comment_info":0,"uagb_excerpt":"&nbsp; &nbsp; POL\u00cdTICA EXTENSA El objetivo de esta pol\u00edtica es informar a los interesados acerca de las cookies que emplea esta p\u00e1gina web, de conformidad con lo establecido en la Ley 34\/2002, de 11 de julio, de Servicios de la Sociedad de la Informaci\u00f3n y de Comercio Electr\u00f3nico,\u00a0 y el Reglamento (UE) 2016\/679 del Parlamento&hellip;","_links":{"self":[{"href":"https:\/\/tharsismining.com\/en\/wp-json\/wp\/v2\/pages\/1935","targetHints":{"allow":["GET"]}}],"collection":[{"href":"https:\/\/tharsismining.com\/en\/wp-json\/wp\/v2\/pages"}],"about":[{"href":"https:\/\/tharsismining.com\/en\/wp-json\/wp\/v2\/types\/page"}],"author":[{"embeddable":true,"href":"https:\/\/tharsismining.com\/en\/wp-json\/wp\/v2\/users\/1"}],"replies":[{"embeddable":true,"href":"https:\/\/tharsismining.com\/en\/wp-json\/wp\/v2\/comments?post=1935"}],"version-history":[{"count":4,"href":"https:\/\/tharsismining.com\/en\/wp-json\/wp\/v2\/pages\/1935\/revisions"}],"predecessor-version":[{"id":2242,"href":"https:\/\/tharsismining.com\/en\/wp-json\/wp\/v2\/pages\/1935\/revisions\/2242"}],"wp:attachment":[{"href":"https:\/\/tharsismining.com\/en\/wp-json\/wp\/v2\/media?parent=1935"}],"curies":[{"name":"wp","href":"https:\/\/api.w.org\/{rel}","templated":true}]}}