{"id":1933,"date":"2024-09-29T19:35:29","date_gmt":"2024-09-29T19:35:29","guid":{"rendered":"https:\/\/tharsismining.com\/?page_id=1933"},"modified":"2024-10-09T06:51:33","modified_gmt":"2024-10-09T06:51:33","slug":"politica-de-privacidad","status":"publish","type":"page","link":"https:\/\/tharsismining.com\/en\/politica-de-privacidad\/","title":{"rendered":"Privacy Policy"},"content":{"rendered":"<p>&nbsp;<\/p>\n<p>&nbsp;<\/p>\n<p>El objetivo de esta pol\u00edtica es informar a los interesados acerca de los distintos tratamientos realizados por esta organizaci\u00f3n mediante la p\u00e1gina web y que afecten a sus datos personales de conformidad con lo establecido en el Reglamento (UE) 2016\/679 del Parlamento Europeo y del Consejo de 27 de abril de 2016 y en la Ley Org\u00e1nica 3\/2018, de 5 de diciembre, de Protecci\u00f3n de Datos Personales y garant\u00eda de los derechos digitales.<\/p>\n<p>&nbsp;<\/p>\n<ol>\n<li>\n<h3>IDENTIFICACI\u00d3N Y DATOS DE CONTACTO DEL RESPONSABLE<\/h3>\n<\/li>\n<\/ol>\n<p>THARSIS MINING S.L., domiciliada en C\/ Pueblo Nuevo, s\/n, C.P. 21530, Tharsis (Huelva), con NIF B90367525, tel\u00e9fono de contacto <a href=\"http:\/\/tharsismining.com\/en\/contacto\/tel: 34959096605\/\">959 096 605<\/a> y correo electr\u00f3nico\u00a0 <u><a href=\"mailto:info@tharsismining.com\">info@tharsismining.com<\/a><\/u><\/p>\n<p>Puede consultar la identidad y contacto de las empresas del GRUPO MAGTEL que act\u00faan como Corresponsables del Tratamiento, solicitando informaci\u00f3n a trav\u00e9s del correo electr\u00f3nico anteriormente indicado.<\/p>\n<p>&nbsp;<\/p>\n<ol start=\"2\">\n<li>\n<h3>FINALIDADES DEL TRATAMIENTO DE SUS DATOS PERSONALES<\/h3>\n<\/li>\n<\/ol>\n<ul>\n<li>USUARIOS\/NAVEGANTES DE LA P\u00c1GINA WEB DEL RESPONSABLE<\/li>\n<\/ul>\n<p>Trataremos los datos de car\u00e1cter personal facilitados para:<\/p>\n<ul>\n<li>Atender a las solicitudes, quejas e incidencias trasladadas a trav\u00e9s de nuestros canales de contacto incorporados en la p\u00e1gina web.<\/li>\n<li>Entender el comportamiento del navegante dentro de la web con el fin de detectar posibles ataques inform\u00e1ticos a nuestra web.<\/li>\n<li>Cumplir con las obligaciones legales que nos resulten directamente aplicables y regulen nuestra actividad.<\/li>\n<li>Proteger y ejercer nuestros derechos o responder ante reclamaciones de cualquier \u00edndole.<\/li>\n<li>En su caso, env\u00edo de comunicaciones comerciales relativas a los bienes o servicios que conforman nuestra actividad y\/o noticias o boletines relacionados con nuestro sector. Su negativa a facilitarnos la autorizaci\u00f3n implicar\u00e1 la imposibilidad de enviarle informaci\u00f3n por parte de la entidad.<\/li>\n<li>En su caso, gestionar su participaci\u00f3n en concursos y promociones que realice la entidad. Su negativa a facilitarnos la autorizaci\u00f3n implicar\u00e1 la imposibilidad de participar.<\/li>\n<li>En su caso, enviar encuestas de satisfacci\u00f3n y\/o calidad. Su negativa a facilitarnos la autorizaci\u00f3n implicar\u00e1 la imposibilidad de evaluar el servicio prestado.<\/li>\n<li>Gestionar su registro en la plataforma web de la entidad y generar un usuario y contrase\u00f1a. Su negativa a facilitarnos la autorizaci\u00f3n implicar\u00e1 la imposibilidad de efectuar su registro en la plataforma.<\/li>\n<\/ul>\n<p>&nbsp;<\/p>\n<ul>\n<li>CANDIDATOS A OFERTAS DE TRABAJO O POSTULANTES A EMPLEO<\/li>\n<\/ul>\n<p>En suma a las finalidades se\u00f1aladas en el apartado \u00ab<em>usuarios\/navegantes de la p\u00e1gina web<\/em>\u00bb, trataremos sus datos de car\u00e1cter personal facilitados para:<\/p>\n<ul>\n<li>Gestionar su candidatura en el proceso de selecci\u00f3n e informarle sobre el mismo.<\/li>\n<li>En su caso, para la cesi\u00f3n de sus datos a entidades que conforman el GRUPO Su negativa a facilitarnos la autorizaci\u00f3n implicar\u00e1 la imposibilidad de enviarle informaci\u00f3n sobre vacantes\/procesos de selecci\u00f3n de selecci\u00f3n de otras entidades que conforman el grupo.<\/li>\n<\/ul>\n<p>&nbsp;<\/p>\n<ol start=\"3\">\n<li>\n<h3>BASE JUR\u00cdDICA DEL TRATAMIENTO<\/h3>\n<\/li>\n<\/ol>\n<ul>\n<li>USUARIOS\/NAVEGANTES DE LA P\u00c1GINA WEB DEL RESPONSABLE<\/li>\n<\/ul>\n<p>&nbsp;<\/p>\n<ul>\n<li>En el consentimiento que nos has prestado para tratar tus datos con las finalidades indicadas. La negativa a facilitar sus datos personales conllevara la imposibilidad de tratar sus datos con las finalidades mencionadas.<\/li>\n<li>Para cumplir con las obligaciones legales que se nos aplican. En este caso, el interesado no podr\u00e1 negarse al tratamiento de los datos personales.<\/li>\n<li>En nuestro inter\u00e9s leg\u00edtimo de proteger nuestra imagen, negocio y trayectoria evitando ataques a nuestra p\u00e1gina web. En este caso, el interesado no podr\u00e1 negarse al tratamiento de los datos personales, aunque podr\u00e1 ejercer, en su caso, los derechos reconocidos en el apartado \u00abderechos\u00bb de la presente pol\u00edtica.<\/li>\n<\/ul>\n<p>&nbsp;<\/p>\n<ul>\n<li>CANDIDATOS A OFERTAS DE TRABAJO O POSTULANTES A EMPLEO<\/li>\n<li>En el consentimiento que nos has prestado para tratar tus datos con las finalidades indicadas. La negativa a facilitar sus datos personales conllevara la imposibilidad de tratar sus datos con las finalidades mencionadas.<\/li>\n<li>Para cumplir con las obligaciones legales que se nos aplican. En este caso, el interesado no podr\u00e1 negarse al tratamiento de los datos personales.<\/li>\n<li>En nuestro inter\u00e9s leg\u00edtimo de proteger nuestra imagen, negocio y trayectoria evitando ataques a nuestra p\u00e1gina web. En este caso, el interesado no podr\u00e1 negarse al tratamiento de los datos personales, aunque podr\u00e1 ejercer, en su caso, los derechos reconocidos en el apartado \u00abderechos\u00bb de la presente pol\u00edtica.<\/li>\n<\/ul>\n<p>&nbsp;<\/p>\n<ol start=\"4\">\n<li>\n<h3>COMPLEMENTOS Y HERRAMIENTAS DEL SITIO WEB<\/h3>\n<\/li>\n<\/ol>\n<ul>\n<li>CAPTCHA\/reCAPTCHA<\/li>\n<\/ul>\n<p>Utilizamos el servicio Google CAPTCHA\/reCAPTCHA para detectar, en base al inter\u00e9s leg\u00edtimo, si el sitio web est\u00e1 siendo utilizado por bots, con la finalidad de proteger el portal y prevenir pr\u00e1cticas abusivas y fraudulentas, como el env\u00edo de spam.<\/p>\n<p>&nbsp;<\/p>\n<p>Puede acceder a la pol\u00edtica de privacidad de nuestro proveedor haciendo clic <a href=\"https:\/\/policies.google.com\/privacy?hl=es\">https:\/\/policies.google.com\/privacy?hl=es<\/a>]<\/p>\n<p>&nbsp;<\/p>\n<ul>\n<li>Google maps<\/li>\n<\/ul>\n<p>Utilizamos Google Maps (API) con la finalidad demostrarle mapas interactivos directamente en nuestro sitio web y permitirle utilizar sus funciones. A estos efectos, debe tener en cuenta que, al utilizar el servicio, Google recabar\u00e1 y almacenar\u00e1 informaci\u00f3n sobre su uso. Le informamos que el uso de Google puede conllevar Transferencias Internacionales de Datos no basadas en una decisi\u00f3n de adecuaci\u00f3n de la Comisi\u00f3n Europea ni en el ofrecimiento de garant\u00edas adecuadas, por lo que, no cuentan con un nivel id\u00f3neo de protecci\u00f3n de conformidad con lo dispuesto por el RGPD. A los efectos oportunos, le informamos que este hecho puede conllevar ciertos riesgos para la protecci\u00f3n de sus datos de car\u00e1cter personal. Dichos riesgos derivados pueden incluir que no exista una autoridad supervisora de protecci\u00f3n equivalente y\/o unos principios de protecci\u00f3n de tratamiento de datos y\/o unos derechos de protecci\u00f3n de los interesados equivalentes. Por todo ello, le recomendamos que, de forma previa, lea detenidamente la pol\u00edtica de privacidad de nuestro proveedor haciendo clic <u>https:\/\/policies.google.com\/privacy?hl=es<\/u><\/p>\n<p>&nbsp;<\/p>\n<ul>\n<li>Google Analytics<\/li>\n<\/ul>\n<p>Siempre que contemos con su consentimiento, utilizaremos Google Analytics con fines estad\u00edsticos a efectos de comprender como interact\u00faa con nuestro sitio web o, en su caso, para conocer el rendimiento de sus campa\u00f1as publicitarias, a trav\u00e9s de las llamadas cookies. A estos efectos, debe tener en cuenta que, al utilizar el servicio, Google recabar\u00e1 y almacenar\u00e1 informaci\u00f3n con el fin de evaluar su uso del sitio web, recopilar informes sobre la actividad del sitio web y prestar otros servicios relacionados con la actividad del sitio web. Le informamos que el uso de Google puede conllevar Transferencias Internacionales de Datos no basadas en una decisi\u00f3n de adecuaci\u00f3n de la Comisi\u00f3n Europea ni en el ofrecimiento de garant\u00edas adecuadas, por lo que, no cuentan con un nivel id\u00f3neo de protecci\u00f3n de conformidad con lo dispuesto por el RGPD. A los efectos oportunos, le informamos que este hecho puede conllevar ciertos riesgos para la protecci\u00f3n de sus datos de car\u00e1cter personal. Dichos riesgos derivados pueden incluir que no exista una autoridad supervisora de protecci\u00f3n equivalente y\/o unos principios de protecci\u00f3n de tratamiento de datos y\/o unos derechos de protecci\u00f3n de los interesados equivalentes. Por todo ello, le recomendamos que, de forma previa, lea detenidamente la pol\u00edtica de privacidad de nuestro proveedor haciendo clic <u>https:\/\/policies.google.com\/privacy?hl=es<\/u><\/p>\n<p>&nbsp;<\/p>\n<p><u>https:\/\/support.google.com\/analytics\/answer\/9019185?hl=es#zippy=%2Csecciones-\u00a0\u00a0 \u00a0\u00a0 de-este-art%C3%ADculo<\/u><\/p>\n<p><u>\u00a0<\/u><\/p>\n<ol start=\"5\">\n<li>\n<h3>PLAZOS O CRITERIOS DE CONSERVACI\u00d3N DE LOS DATOS<\/h3>\n<\/li>\n<\/ol>\n<p>Los datos personales proporcionados se conservar\u00e1n durante el tiempo necesario para cumplir con las finalidades para los que fueron recopilados inicialmente.<\/p>\n<p>&nbsp;<\/p>\n<p>Una vez que los datos dejen de ser necesarios para el tratamiento en cuesti\u00f3n, estos se mantendr\u00e1n debidamente bloqueados para, en su caso, ponerlos a disposici\u00f3n de las Administraciones y Organismos P\u00fablicas competentes, Jueces y Tribunales o el Ministerio Fiscal, durante el plazo de prescripci\u00f3n de las acciones que pudieran derivarse de la relaci\u00f3n mantenida con el cliente y\/o los plazos de conservaci\u00f3n previstos legalmente.<\/p>\n<p>&nbsp;<\/p>\n<p>En el caso de que nos haya facilitado su Curr\u00edculum, conservaremos sus datos durante un periodo m\u00e1ximo de dos a\u00f1os\u00a0 desde la recepci\u00f3n del mismo, momento en el que procederemos a su supresi\u00f3n, salvo que haya procedido a actualizar sus datos o nos haya autorizado a mantenerlos por un periodo de conservaci\u00f3n mayor al indicado. A los efectos oportunos, le informamos que puede revocar su consentimiento en cualquier momento.<\/p>\n<p>&nbsp;<\/p>\n<p><u>Periodo de bloqueo de los datos:<\/u><\/p>\n<ul>\n<li>EL C\u00d3DIGO CIVIL. Entre 5 o 15 a\u00f1os seg\u00fan el caso, atendiendo a lo dispuesto en el art\u00edculo 1964.2 del cuerpo legal mencionado.<\/li>\n<li>EL C\u00d3DIGO DEL COMERCIO. Durante 6 a\u00f1os, atendiendo a dispuesto en el art\u00edculo 30 del cuerpo legal mencionado. Se aplica respecto de la informaci\u00f3n mercantil relacionada con (facturas emitidas y recibidas, tickets, facturas rectificativas, documentos bancarios, etc.).<\/li>\n<li>LA LEY GENERAL TRIBUTARIA. Durante 4 a\u00f1os atendiendo a dispuesto en los art\u00edculos 66 a 70 del cuerpo legal mencionado. Se aplica a la informaci\u00f3n relacionada con las obligaciones fiscales.<\/li>\n<\/ul>\n<p>&nbsp;<\/p>\n<ol start=\"6\">\n<li>\n<h3>DESTINATARIOS<\/h3>\n<\/li>\n<\/ol>\n<p>Durante el periodo de duraci\u00f3n del tratamiento de sus datos personales, la organizaci\u00f3n podr\u00e1 ceder sus datos a los siguientes destinatarios:<\/p>\n<ul>\n<li>Jueces y Tribunales.<\/li>\n<li>Fuerzas y Cuerpos de Seguridad del Estado.<\/li>\n<li>Otras autoridades u organismos p\u00fablicos competentes, cuando el responsable tenga la obligaci\u00f3n legal de facilitar los datos personales.<\/li>\n<li>En su caso, a aquellos Encargados de Tratamiento que nos brinden servicios.<\/li>\n<li>Igualmente, sus datos podr\u00e1n ser compartidos con las empresas del GRUPOMAGTEL para la correcta gesti\u00f3n administrativa del mismo.<\/li>\n<\/ul>\n<p>&nbsp;<\/p>\n<ol start=\"7\">\n<li>\n<h3>TRANSFERENCIAS INTERNACIONALES DE DATOS<\/h3>\n<\/li>\n<\/ol>\n<p>La organizaci\u00f3n no realiza Transferencia Internacional de Datos alguna. En caso de que posteriormente fuera necesario realizar transferencias internacionales de datos, se verificar\u00e1 el grado de protecci\u00f3n del pa\u00eds de destino y se adoptar\u00e1n las garant\u00edas exigidas por la normativa.<\/p>\n<p>&nbsp;<\/p>\n<ol start=\"8\">\n<li>\n<h3>REDES SOCIALES<\/h3>\n<\/li>\n<\/ol>\n<p>Con la finalidad de hacerle part\u00edcipe de nuestra actividad, y de que pueda estar al tanto de nuestras novedades, le informamos de que MAGTEL OPERACIONES S.L.U tiene creado un perfil en las Redes Sociales.<\/p>\n<p>Todos los usuarios tienen la oportunidad de unirse a nuestras redes sociales o grupos. Sin embargo, debe tener en cuenta que, salvo que le solicitemos sus datos directamente (por ejemplo, mediante acciones de marketing, concursos, promociones, o cualquier otra forma v\u00e1lida), sus datos pertenecer\u00e1n a la Red Social correspondiente, por lo que le recomendamos que lea detenidamente sus condiciones de uso y pol\u00edticas de privacidad, as\u00ed como, se asegure de configurar sus preferencias en cuanto al tratamiento de los datos.<\/p>\n<p>A continuaci\u00f3n, detallamos el enlace a la pol\u00edtica de privacidad a las distintas Redes Sociales en las que tenemos presencia, para que pueda acceder en todo momento a las pol\u00edticas de privacidad y configurar su perfil para garantizar su privacidad:<\/p>\n<p>LinkedIN: <a href=\"https:\/\/www.linkedin.com\/company\/tharsis-mining\/?viewAsMember=true\">https:\/\/www.linkedin.com\/company\/tharsis-mining\/?viewAsMember=true<\/a><\/p>\n<p>&nbsp;<\/p>\n<ol start=\"9\">\n<li>\n<h3>DERECHOS<\/h3>\n<\/li>\n<\/ol>\n<p>Los interesados podr\u00e1n solicitar m\u00e1s informaci\u00f3n acerca del tratamiento de sus datos personales as\u00ed como ejercer en cualquier momento y, de forma gratuita, los derechos de acceso, rectificaci\u00f3n y supresi\u00f3n, as\u00ed como solicitar que se limite el tratamiento de sus datos personales, oponerse al mismo, solicitar la portabilidad de estos (siempre que sea t\u00e9cnicamente posible) o retirar el consentimiento prestado y, en su caso, a no ser objeto de una decisi\u00f3n basada \u00fanicamente en un tratamiento automatizado, incluido la elaboraci\u00f3n de perfiles.<\/p>\n<p>Para ello podr\u00e1 emplear los formularios habilitados por la organizaci\u00f3n, o bien dirigir un escrito a la direcci\u00f3n postal o correo electr\u00f3nico referenciados en el encabezamiento. A los efectos oportunos, le informamos que se le podr\u00e1 solicitar su DNI o cualquier otro documento an\u00e1logo, con la finalidad de acreditar su identidad, siempre que ello no pueda realizarse por otros medios menos intrusivos.<\/p>\n<p>En caso de que sienta vulnerados sus derechos en lo concerniente a la protecci\u00f3n de sus datos personales, especialmente cuando no haya obtenido satisfacci\u00f3n en el ejercicio de sus derechos, puede presentar una reclamaci\u00f3n ante la Autoridad de Control en materia de Protecci\u00f3n de Datos competente (Agencia Espa\u00f1ola de Protecci\u00f3n de Datos), a trav\u00e9s de su sitio web <u>www.aepd.es<\/u><\/p>\n<p>En cumplimiento de lo dispuesto en el art\u00edculo 21 de la Ley 34\/2002 de servicios de la sociedad de la informaci\u00f3n y comercio electr\u00f3nico, si usted no desea recibir m\u00e1s informaci\u00f3n sobre nuestros servicios, puede darse de baja haciendo clic en el apartado del correo electr\u00f3nico *para darse de baja*.<\/p>\n<p>&nbsp;<\/p>\n<ol start=\"10\">\n<li>\n<h3>VERACIDAD DE LOS DATOS<\/h3>\n<\/li>\n<\/ol>\n<p>El interesado garantiza que los datos aportados son verdaderos, exactos, completos y se encuentran actualizados; comprometi\u00e9ndose a informar de cualquier cambio respecto de los datos que aportara, por los canales habilitados al efecto e indicados en el punto uno de la presente pol\u00edtica. Ser\u00e1 responsable de cualquier da\u00f1o o perjuicio, tanto directo como indirecto, que pudiera ocasionar como consecuencia del incumplimiento de la presente obligaci\u00f3n.<\/p>\n<p>En el supuesto de que el usuario facilite datos de terceros, declara que cuenta con el consentimiento de los interesados y se compromete a trasladarle la informaci\u00f3n contenida en esta cl\u00e1usula, eximiendo a la organizaci\u00f3n de cualquier responsabilidad derivada por la falta de cumplimiento de la presente obligaci\u00f3n.<\/p>\n<p>&nbsp;<\/p>\n<ol start=\"11\">\n<li>\n<h3>MODIFICACIONES Y ACTUALIZACI\u00d3N<\/h3>\n<\/li>\n<\/ol>\n<p>La presente pol\u00edtica de privacidad puede verse modificada\/actualizada en funci\u00f3n de las exigencias legales establecidas o con la finalidad de adaptar dicha pol\u00edtica a las instrucciones dictadas por la Agencia Espa\u00f1ola de Protecci\u00f3n de Datos, o a consecuencia de cambios en nuestro sitio web. Por esta raz\u00f3n, aconsejamos a los usuarios que visiten peri\u00f3dicamente nuestra pol\u00edtica de privacidad.<\/p>\n<p>Si tiene dudas acerca de esta pol\u00edtica, puede contactar con MAGTEL OPERACIONES S.L.U a trav\u00e9s de los formularios habilitados por la organizaci\u00f3n, o bien dirigir un escrito a la direcci\u00f3n postal o correo electr\u00f3nico referenciados en el encabezamiento.<\/p>","protected":false},"excerpt":{"rendered":"<p>&nbsp; &nbsp; El objetivo de esta pol\u00edtica es informar a los interesados acerca de los distintos tratamientos realizados por esta organizaci\u00f3n mediante la p\u00e1gina web y que afecten a sus datos personales de conformidad con lo establecido en el Reglamento (UE) 2016\/679 del Parlamento Europeo y del Consejo de 27 de abril de 2016 y en la Ley Org\u00e1nica 3\/2018, de 5 de diciembre, de Protecci\u00f3n de Datos Personales y[&hellip;]<\/p>","protected":false},"author":1,"featured_media":0,"parent":0,"menu_order":0,"comment_status":"closed","ping_status":"closed","template":"","meta":{"_acf_changed":false,"_uag_custom_page_level_css":"","footnotes":""},"class_list":["post-1933","page","type-page","status-publish","hentry"],"acf":[],"uagb_featured_image_src":{"full":false,"thumbnail":false,"medium":false,"medium_large":false,"large":false,"1536x1536":false,"2048x2048":false,"trp-custom-language-flag":false,"dsvy-img-770x480":false,"dsvy-img-600x780":false,"dsvy-img-770x430":false,"dsvy-img-600x770":false,"dsvy-img-770x650":false,"dsvy-img-770x520":false,"dsvy-img-770x550":false,"dsvy-img-620x770":false,"dsvy-img-800x770":false,"dsvy-img-500x700":false,"dsvy-img-600x800":false,"dsvy-img-1030x570":false,"dsvy-img-600x700":false,"dsvy-img-770x635":false,"dsvy-img-770x500":false,"dsvy-img-770x9999":false,"dsvy-img-770x770":false,"dsvy-img-300x300":false,"dsvy-img-500x560":false,"dsvy-img-800x256":false},"uagb_author_info":{"display_name":"admin@sebcreativos.es","author_link":"https:\/\/tharsismining.com\/en\/author\/adminsebcreativos-es\/"},"uagb_comment_info":0,"uagb_excerpt":"&nbsp; &nbsp; El objetivo de esta pol\u00edtica es informar a los interesados acerca de los distintos tratamientos realizados por esta organizaci\u00f3n mediante la p\u00e1gina web y que afecten a sus datos personales de conformidad con lo establecido en el Reglamento (UE) 2016\/679 del Parlamento Europeo y del Consejo de 27 de abril de 2016 y&hellip;","_links":{"self":[{"href":"https:\/\/tharsismining.com\/en\/wp-json\/wp\/v2\/pages\/1933","targetHints":{"allow":["GET"]}}],"collection":[{"href":"https:\/\/tharsismining.com\/en\/wp-json\/wp\/v2\/pages"}],"about":[{"href":"https:\/\/tharsismining.com\/en\/wp-json\/wp\/v2\/types\/page"}],"author":[{"embeddable":true,"href":"https:\/\/tharsismining.com\/en\/wp-json\/wp\/v2\/users\/1"}],"replies":[{"embeddable":true,"href":"https:\/\/tharsismining.com\/en\/wp-json\/wp\/v2\/comments?post=1933"}],"version-history":[{"count":4,"href":"https:\/\/tharsismining.com\/en\/wp-json\/wp\/v2\/pages\/1933\/revisions"}],"predecessor-version":[{"id":2245,"href":"https:\/\/tharsismining.com\/en\/wp-json\/wp\/v2\/pages\/1933\/revisions\/2245"}],"wp:attachment":[{"href":"https:\/\/tharsismining.com\/en\/wp-json\/wp\/v2\/media?parent=1933"}],"curies":[{"name":"wp","href":"https:\/\/api.w.org\/{rel}","templated":true}]}}