{"id":1403,"date":"2024-09-24T08:01:07","date_gmt":"2024-09-24T08:01:07","guid":{"rendered":"https:\/\/tharsismining.com\/?page_id=1403"},"modified":"2024-10-04T12:39:32","modified_gmt":"2024-10-04T12:39:32","slug":"nuevas-exploraciones","status":"publish","type":"page","link":"https:\/\/tharsismining.com\/en\/nuevas-exploraciones\/","title":{"rendered":"New explorations"},"content":{"rendered":"<div data-elementor-type=\"wp-page\" data-elementor-id=\"1403\" class=\"elementor elementor-1403\">\n\t\t\t\t\t\t<section class=\"elementor-section elementor-top-section elementor-element elementor-element-0b93d98 elementor-section-stretched dsvy-col-stretched-none dsvy-bg-color-over-image elementor-section-boxed elementor-section-height-default elementor-section-height-default\" data-id=\"0b93d98\" data-element_type=\"section\" data-e-type=\"section\" data-settings=\"{&quot;stretch_section&quot;:&quot;section-stretched&quot;,&quot;background_background&quot;:&quot;classic&quot;}\">\n\t\t\t\t\t\t<div class=\"elementor-container elementor-column-gap-default\">\n\t\t\t\t\t<div class=\"elementor-column elementor-col-100 elementor-top-column elementor-element elementor-element-d5ad531 dsvy-bg-color-over-image\" data-id=\"d5ad531\" data-element_type=\"column\" data-e-type=\"column\">\n\t\t\t<div class=\"elementor-widget-wrap elementor-element-populated\">\n\t\t\t\t\t\t<div class=\"elementor-element elementor-element-a13ee17 dsvy-align-center elementor-widget elementor-widget-dsvy_heading\" data-id=\"a13ee17\" data-element_type=\"widget\" data-e-type=\"widget\" data-widget_type=\"dsvy_heading.default\">\n\t\t\t\t<div class=\"elementor-widget-container\">\n\t\t\t\t\t\t<div class=\"dsvy-heading-subheading center-align dsvy-reverse-heading-yes\"><h2 class=\"dsvy-element-title\">\r\n\t\t\t\r\n\t\t\t\tNew Explorations\r\n\t\t\t\r\n\t\t\t<\/h2>\r\n\t\t<div class=\"dsvy-heading-desc\">We have launched an ambitious project to expand our mining potential and investigate new resources in several strategic regions.<br><br>\n\nTo achieve this purpose, we have applied for 72 research permits for Section C in key areas located in the provinces of Huelva, Seville, Cordoba, Jaen and Malaga, covering a total of 4248 km2. These permits allow for the investigation of the subsoil richness of different metals and minerals, some of which are considered critical or strategic by the European Union.<br><br>\n\nThe initiative seeks to foster new mining projects that favour economic growth and employment generation in local communities, while promoting research and mining practices that respect the environment and contribute to the well-being of nearby populations.<br><br>\n\nTharsis Mining has also applied for 4 exploration permits for geothermal resources (Section D) over 280 km2 in the provinces of Cordoba, Seville and Huelva, and includes among its objectives the incorporation of industrial rock projects in its portfolio.<br><br>\n\nPreliminary investigations for the selection of areas have been based on an analysis of available information and field work has already started on the research permits granted.<br><br>\n\nWith a long-term vision and a focus on excellence, we aspire to play a leading role in the mining sector, making a significant contribution to the socio-economic development and sustainable progress of the regions where we operate.\n<\/div><\/div>\t\t\t\t<\/div>\n\t\t\t\t<\/div>\n\t\t\t\t<div class=\"elementor-element elementor-element-e6129df elementor-widget elementor-widget-accordion\" data-id=\"e6129df\" data-element_type=\"widget\" data-e-type=\"widget\" data-widget_type=\"accordion.default\">\n\t\t\t\t<div class=\"elementor-widget-container\">\n\t\t\t\t\t\t\t<div class=\"elementor-accordion\">\n\t\t\t\t\t\t\t<div class=\"elementor-accordion-item\">\n\t\t\t\t\t<div id=\"elementor-tab-title-2411\" class=\"elementor-tab-title\" data-tab=\"1\" role=\"button\" aria-controls=\"elementor-tab-content-2411\" aria-expanded=\"false\">\n\t\t\t\t\t\t\t\t\t\t\t\t\t<span class=\"elementor-accordion-icon elementor-accordion-icon-left\" aria-hidden=\"true\">\n\t\t\t\t\t\t\t\t\t\t\t\t\t\t\t<span class=\"elementor-accordion-icon-closed\"><i class=\"fas fa-plus\"><\/i><\/span>\n\t\t\t\t\t\t\t\t<span class=\"elementor-accordion-icon-opened\"><i class=\"fas fa-minus\"><\/i><\/span>\n\t\t\t\t\t\t\t\t\t\t\t\t\t\t<\/span>\n\t\t\t\t\t\t\t\t\t\t\t\t<a class=\"elementor-accordion-title\" tabindex=\"0\">DATA: Sectors C and D<\/a>\n\t\t\t\t\t<\/div>\n\t\t\t\t\t<div id=\"elementor-tab-content-2411\" class=\"elementor-tab-content elementor-clearfix\" data-tab=\"1\" role=\"region\" aria-labelledby=\"elementor-tab-title-2411\"><ul><li>Huelva: 6 permits, (232 Km2)<\/li><li>Sevilla: 24 permits, (1804 Km2)<\/li><li>C\u00f3rdoba: 42 permits(2416 Km2)<\/li><li>Ja\u00e9n: 1 permit (35 Km2)<\/li><li>M\u00e1laga: 3 permits (41 Km2)<\/li><\/ul><\/div>\n\t\t\t\t<\/div>\n\t\t\t\t\t\t\t\t<\/div>\n\t\t\t\t\t\t<\/div>\n\t\t\t\t<\/div>\n\t\t\t\t\t<\/div>\n\t\t<\/div>\n\t\t\t\t\t<\/div>\n\t\t<\/section>\n\t\t\t\t<\/div>","protected":false},"excerpt":{"rendered":"<p>Nuevas Exploraciones Hemos puesto en marcha un proyecto ambicioso para expandir nuestro potencial minero e investigar nuevos recursos en diversas regiones estrat\u00e9gicas. Para alcanzar este prop\u00f3sito, hemos solicitado 72 permisos de investigaci\u00f3n para la Secci\u00f3n C en \u00e1reas clave ubicadas en las provincias de Huelva, Sevilla, C\u00f3rdoba, Ja\u00e9n y M\u00e1laga, cubriendo un total de 4248 Km2. Estos permisos permiten la investigaci\u00f3n de la riqueza del subsuelo en diferentes metales y[&hellip;]<\/p>","protected":false},"author":1,"featured_media":0,"parent":0,"menu_order":0,"comment_status":"closed","ping_status":"closed","template":"elementor_header_footer","meta":{"_acf_changed":false,"_uag_custom_page_level_css":"","footnotes":""},"class_list":["post-1403","page","type-page","status-publish","hentry"],"acf":[],"uagb_featured_image_src":{"full":false,"thumbnail":false,"medium":false,"medium_large":false,"large":false,"1536x1536":false,"2048x2048":false,"trp-custom-language-flag":false,"dsvy-img-770x480":false,"dsvy-img-600x780":false,"dsvy-img-770x430":false,"dsvy-img-600x770":false,"dsvy-img-770x650":false,"dsvy-img-770x520":false,"dsvy-img-770x550":false,"dsvy-img-620x770":false,"dsvy-img-800x770":false,"dsvy-img-500x700":false,"dsvy-img-600x800":false,"dsvy-img-1030x570":false,"dsvy-img-600x700":false,"dsvy-img-770x635":false,"dsvy-img-770x500":false,"dsvy-img-770x9999":false,"dsvy-img-770x770":false,"dsvy-img-300x300":false,"dsvy-img-500x560":false,"dsvy-img-800x256":false},"uagb_author_info":{"display_name":"admin@sebcreativos.es","author_link":"https:\/\/tharsismining.com\/en\/author\/adminsebcreativos-es\/"},"uagb_comment_info":0,"uagb_excerpt":"Nuevas Exploraciones Hemos puesto en marcha un proyecto ambicioso para expandir nuestro potencial minero e investigar nuevos recursos en diversas regiones estrat\u00e9gicas. Para alcanzar este prop\u00f3sito, hemos solicitado 72 permisos de investigaci\u00f3n para la Secci\u00f3n C en \u00e1reas clave ubicadas en las provincias de Huelva, Sevilla, C\u00f3rdoba, Ja\u00e9n y M\u00e1laga, cubriendo un total de 4248&hellip;","_links":{"self":[{"href":"https:\/\/tharsismining.com\/en\/wp-json\/wp\/v2\/pages\/1403","targetHints":{"allow":["GET"]}}],"collection":[{"href":"https:\/\/tharsismining.com\/en\/wp-json\/wp\/v2\/pages"}],"about":[{"href":"https:\/\/tharsismining.com\/en\/wp-json\/wp\/v2\/types\/page"}],"author":[{"embeddable":true,"href":"https:\/\/tharsismining.com\/en\/wp-json\/wp\/v2\/users\/1"}],"replies":[{"embeddable":true,"href":"https:\/\/tharsismining.com\/en\/wp-json\/wp\/v2\/comments?post=1403"}],"version-history":[{"count":5,"href":"https:\/\/tharsismining.com\/en\/wp-json\/wp\/v2\/pages\/1403\/revisions"}],"predecessor-version":[{"id":2165,"href":"https:\/\/tharsismining.com\/en\/wp-json\/wp\/v2\/pages\/1403\/revisions\/2165"}],"wp:attachment":[{"href":"https:\/\/tharsismining.com\/en\/wp-json\/wp\/v2\/media?parent=1403"}],"curies":[{"name":"wp","href":"https:\/\/api.w.org\/{rel}","templated":true}]}}